    {"id":235,"date":"2016-11-19T19:16:59","date_gmt":"2016-11-19T21:16:59","guid":{"rendered":"http:\/\/localhost\/ac\/?page_id=235"},"modified":"2026-04-28T14:03:44","modified_gmt":"2026-04-28T17:03:44","slug":"request-a-quotation","status":"publish","type":"page","link":"https:\/\/australiancentre.com.br\/en\/request-a-quotation\/","title":{"rendered":"Request a quotation"},"content":{"rendered":"<div class=\"ac-form-text with-get\">You will receive the contact of the AC consultants to help you in the budget, as well as information about courses, trips, events and promotions.<\/div>\n<div class=\"ac-form with-get\">\n<p><script type=\"text\/javascript\" src=\"https:\/\/ac-bugju.formstack.com\/forms\/js.php\/solicite_orcamento_en\"><\/script><noscript><a href=\"https:\/\/ac-bugju.formstack.com\/forms\/solicite_orcamento_en\" title=\"Online Form\">Solicitar or\u00e7amento<\/a><\/noscript><\/p>\n<h6 class=\"form-policy-privacy-alert\">By submitting the form you are automatically accepting the terms of <a href=\"https:\/\/australiancentre.com.br\/politica-de-privacidade\/\">Privacy Policy<\/a><\/h6>\n<\/div>\n<div class=\"form-sucesso with-get\" style=\"display: none;\">\n<h2 class=\"page-title-call\" style=\"font-size: 36px; color: #51be26; display: block;\">Form submitted successfully!<\/h2>\n<\/div>\n<p>&nbsp;<\/p>\n<p>&nbsp;<\/p>\n","protected":false},"excerpt":{"rendered":"<p>You will receive the contact of the AC consultants to help you in the budget, as well as information about courses, trips, events and promotions. Solicitar or\u00e7amento By submitting the form you are automatically accepting the terms of Privacy Policy Form submitted successfully! &nbsp; &nbsp;<\/p>\n","protected":false},"author":1,"featured_media":0,"parent":0,"menu_order":0,"comment_status":"closed","ping_status":"closed","template":"templates\/template-orcamento.php","meta":{"footnotes":""},"class_list":["post-235","page","type-page","status-publish","hentry"],"yoast_head":"<!-- This site is optimized with the Yoast SEO plugin v26.8 - https:\/\/yoast.com\/product\/yoast-seo-wordpress\/ -->\n<title>Request a quotation - Australian Centre<\/title>\n<meta name=\"description\" content=\"Solicite um Or\u00e7amento do seu t\u00e3o sonhado interc\u00e2mbio para Austr\u00e1lia, Nova Zel\u00e2ndia e mais. Entre em contato conosco. Acesse para maiores informa\u00e7\u00f5es!\" \/>\n<meta name=\"robots\" content=\"noindex, follow\" \/>\n<meta property=\"og:locale\" content=\"en_US\" \/>\n<meta property=\"og:type\" content=\"article\" \/>\n<meta property=\"og:title\" content=\"Request a quotation - Australian Centre\" \/>\n<meta property=\"og:description\" content=\"Solicite um Or\u00e7amento do seu t\u00e3o sonhado interc\u00e2mbio para Austr\u00e1lia, Nova Zel\u00e2ndia e mais. Entre em contato conosco. Acesse para maiores informa\u00e7\u00f5es!\" \/>\n<meta property=\"og:url\" content=\"https:\/\/australiancentre.com.br\/en\/request-a-quotation\/\" \/>\n<meta property=\"og:site_name\" content=\"Australian Centre\" \/>\n<meta property=\"article:publisher\" content=\"https:\/\/www.facebook.com\/australiancentre\/\" \/>\n<meta property=\"article:modified_time\" content=\"2026-04-28T17:03:44+00:00\" \/>\n<meta property=\"og:image\" content=\"https:\/\/australiancentre.com.br\/wp-content\/uploads\/2023\/03\/share-1200x630-1.jpg\" \/>\n\t<meta property=\"og:image:width\" content=\"1200\" \/>\n\t<meta property=\"og:image:height\" content=\"630\" \/>\n\t<meta property=\"og:image:type\" content=\"image\/jpeg\" \/>\n<meta name=\"twitter:card\" content=\"summary_large_image\" \/>\n<meta name=\"twitter:label1\" content=\"Est. reading time\" \/>\n\t<meta name=\"twitter:data1\" content=\"1 minute\" \/>\n<script type=\"application\/ld+json\" class=\"yoast-schema-graph\">{\"@context\":\"https:\/\/schema.org\",\"@graph\":[{\"@type\":\"WebPage\",\"@id\":\"https:\/\/australiancentre.com.br\/en\/request-a-quotation\/\",\"url\":\"https:\/\/australiancentre.com.br\/en\/request-a-quotation\/\",\"name\":\"Request a quotation - Australian Centre\",\"isPartOf\":{\"@id\":\"https:\/\/australiancentre.com.br\/#website\"},\"datePublished\":\"2016-11-19T21:16:59+00:00\",\"dateModified\":\"2026-04-28T17:03:44+00:00\",\"description\":\"Solicite um Or\u00e7amento do seu t\u00e3o sonhado interc\u00e2mbio para Austr\u00e1lia, Nova Zel\u00e2ndia e mais. Entre em contato conosco. Acesse para maiores informa\u00e7\u00f5es!\",\"breadcrumb\":{\"@id\":\"https:\/\/australiancentre.com.br\/en\/request-a-quotation\/#breadcrumb\"},\"inLanguage\":\"en-US\",\"potentialAction\":[{\"@type\":\"ReadAction\",\"target\":[\"https:\/\/australiancentre.com.br\/en\/request-a-quotation\/\"]}]},{\"@type\":\"BreadcrumbList\",\"@id\":\"https:\/\/australiancentre.com.br\/en\/request-a-quotation\/#breadcrumb\",\"itemListElement\":[{\"@type\":\"ListItem\",\"position\":1,\"name\":\"Home\",\"item\":\"https:\/\/australiancentre.com.br\/en\/\"},{\"@type\":\"ListItem\",\"position\":2,\"name\":\"Request a quotation\"}]},{\"@type\":\"WebSite\",\"@id\":\"https:\/\/australiancentre.com.br\/#website\",\"url\":\"https:\/\/australiancentre.com.br\/\",\"name\":\"AC Australian Centre\",\"description\":\"Interc\u00e2mbio para Austr\u00e1lia, Nova Zel\u00e2ndia e Canad\u00e1\",\"publisher\":{\"@id\":\"https:\/\/australiancentre.com.br\/#organization\"},\"potentialAction\":[{\"@type\":\"SearchAction\",\"target\":{\"@type\":\"EntryPoint\",\"urlTemplate\":\"https:\/\/australiancentre.com.br\/?s={search_term_string}\"},\"query-input\":{\"@type\":\"PropertyValueSpecification\",\"valueRequired\":true,\"valueName\":\"search_term_string\"}}],\"inLanguage\":\"en-US\"},{\"@type\":\"Organization\",\"@id\":\"https:\/\/australiancentre.com.br\/#organization\",\"name\":\"AC Australian Centre\",\"url\":\"https:\/\/australiancentre.com.br\/\",\"logo\":{\"@type\":\"ImageObject\",\"inLanguage\":\"en-US\",\"@id\":\"https:\/\/australiancentre.com.br\/#\/schema\/logo\/image\/\",\"url\":\"https:\/\/australiancentre.com.br\/wp-content\/uploads\/2023\/03\/share-1200x630-1.jpg\",\"contentUrl\":\"https:\/\/australiancentre.com.br\/wp-content\/uploads\/2023\/03\/share-1200x630-1.jpg\",\"width\":1200,\"height\":630,\"caption\":\"AC Australian Centre\"},\"image\":{\"@id\":\"https:\/\/australiancentre.com.br\/#\/schema\/logo\/image\/\"},\"sameAs\":[\"https:\/\/www.facebook.com\/australiancentre\/\",\"https:\/\/www.instagram.com\/australiancentreintercambio\/\",\"https:\/\/www.youtube.com\/user\/AustralianCentre\"]}]}<\/script>\n<!-- \/ Yoast SEO plugin. -->","yoast_head_json":{"title":"Request a quotation - Australian Centre","description":"Solicite um Or\u00e7amento do seu t\u00e3o sonhado interc\u00e2mbio para Austr\u00e1lia, Nova Zel\u00e2ndia e mais. Entre em contato conosco. Acesse para maiores informa\u00e7\u00f5es!","robots":{"index":"noindex","follow":"follow"},"og_locale":"en_US","og_type":"article","og_title":"Request a quotation - Australian Centre","og_description":"Solicite um Or\u00e7amento do seu t\u00e3o sonhado interc\u00e2mbio para Austr\u00e1lia, Nova Zel\u00e2ndia e mais. Entre em contato conosco. Acesse para maiores informa\u00e7\u00f5es!","og_url":"https:\/\/australiancentre.com.br\/en\/request-a-quotation\/","og_site_name":"Australian Centre","article_publisher":"https:\/\/www.facebook.com\/australiancentre\/","article_modified_time":"2026-04-28T17:03:44+00:00","og_image":[{"width":1200,"height":630,"url":"https:\/\/australiancentre.com.br\/wp-content\/uploads\/2023\/03\/share-1200x630-1.jpg","type":"image\/jpeg"}],"twitter_card":"summary_large_image","twitter_misc":{"Est. reading time":"1 minute"},"schema":{"@context":"https:\/\/schema.org","@graph":[{"@type":"WebPage","@id":"https:\/\/australiancentre.com.br\/en\/request-a-quotation\/","url":"https:\/\/australiancentre.com.br\/en\/request-a-quotation\/","name":"Request a quotation - Australian Centre","isPartOf":{"@id":"https:\/\/australiancentre.com.br\/#website"},"datePublished":"2016-11-19T21:16:59+00:00","dateModified":"2026-04-28T17:03:44+00:00","description":"Solicite um Or\u00e7amento do seu t\u00e3o sonhado interc\u00e2mbio para Austr\u00e1lia, Nova Zel\u00e2ndia e mais. Entre em contato conosco. Acesse para maiores informa\u00e7\u00f5es!","breadcrumb":{"@id":"https:\/\/australiancentre.com.br\/en\/request-a-quotation\/#breadcrumb"},"inLanguage":"en-US","potentialAction":[{"@type":"ReadAction","target":["https:\/\/australiancentre.com.br\/en\/request-a-quotation\/"]}]},{"@type":"BreadcrumbList","@id":"https:\/\/australiancentre.com.br\/en\/request-a-quotation\/#breadcrumb","itemListElement":[{"@type":"ListItem","position":1,"name":"Home","item":"https:\/\/australiancentre.com.br\/en\/"},{"@type":"ListItem","position":2,"name":"Request a quotation"}]},{"@type":"WebSite","@id":"https:\/\/australiancentre.com.br\/#website","url":"https:\/\/australiancentre.com.br\/","name":"AC Australian Centre","description":"Interc\u00e2mbio para Austr\u00e1lia, Nova Zel\u00e2ndia e Canad\u00e1","publisher":{"@id":"https:\/\/australiancentre.com.br\/#organization"},"potentialAction":[{"@type":"SearchAction","target":{"@type":"EntryPoint","urlTemplate":"https:\/\/australiancentre.com.br\/?s={search_term_string}"},"query-input":{"@type":"PropertyValueSpecification","valueRequired":true,"valueName":"search_term_string"}}],"inLanguage":"en-US"},{"@type":"Organization","@id":"https:\/\/australiancentre.com.br\/#organization","name":"AC Australian Centre","url":"https:\/\/australiancentre.com.br\/","logo":{"@type":"ImageObject","inLanguage":"en-US","@id":"https:\/\/australiancentre.com.br\/#\/schema\/logo\/image\/","url":"https:\/\/australiancentre.com.br\/wp-content\/uploads\/2023\/03\/share-1200x630-1.jpg","contentUrl":"https:\/\/australiancentre.com.br\/wp-content\/uploads\/2023\/03\/share-1200x630-1.jpg","width":1200,"height":630,"caption":"AC Australian Centre"},"image":{"@id":"https:\/\/australiancentre.com.br\/#\/schema\/logo\/image\/"},"sameAs":["https:\/\/www.facebook.com\/australiancentre\/","https:\/\/www.instagram.com\/australiancentreintercambio\/","https:\/\/www.youtube.com\/user\/AustralianCentre"]}]}},"publishpress_future_action":{"enabled":false,"date":"2026-05-18 01:25:46","action":"change-status","newStatus":"draft","terms":[],"taxonomy":"translation_priority","extraData":[]},"publishpress_future_workflow_manual_trigger":{"enabledWorkflows":[]},"_links":{"self":[{"href":"https:\/\/australiancentre.com.br\/en\/wp-json\/wp\/v2\/pages\/235","targetHints":{"allow":["GET"]}}],"collection":[{"href":"https:\/\/australiancentre.com.br\/en\/wp-json\/wp\/v2\/pages"}],"about":[{"href":"https:\/\/australiancentre.com.br\/en\/wp-json\/wp\/v2\/types\/page"}],"author":[{"embeddable":true,"href":"https:\/\/australiancentre.com.br\/en\/wp-json\/wp\/v2\/users\/1"}],"replies":[{"embeddable":true,"href":"https:\/\/australiancentre.com.br\/en\/wp-json\/wp\/v2\/comments?post=235"}],"version-history":[{"count":1,"href":"https:\/\/australiancentre.com.br\/en\/wp-json\/wp\/v2\/pages\/235\/revisions"}],"predecessor-version":[{"id":29861,"href":"https:\/\/australiancentre.com.br\/en\/wp-json\/wp\/v2\/pages\/235\/revisions\/29861"}],"wp:attachment":[{"href":"https:\/\/australiancentre.com.br\/en\/wp-json\/wp\/v2\/media?parent=235"}],"curies":[{"name":"wp","href":"https:\/\/api.w.org\/{rel}","templated":true}]}}