    {"id":241,"date":"2016-11-19T19:17:45","date_gmt":"2016-11-19T21:17:45","guid":{"rendered":"http:\/\/localhost\/ac\/?page_id=241"},"modified":"2016-12-05T08:55:57","modified_gmt":"2016-12-05T10:55:57","slug":"agende-uma-entrevista","status":"publish","type":"page","link":"https:\/\/australiancentre.com.br\/en\/agende-uma-entrevista\/","title":{"rendered":"Agende uma Entrevista"},"content":{"rendered":"<h2>Agende uma entrevista pessoal ou online e os consultores da AC Australian Centre lhe ajudar\u00e3o na prepara\u00e7\u00e3o de seu interc\u00e2mbio na Austr\u00e1lia ou Nova Zel\u00e2ndia.<\/h2>\n<ul class=\"list\">\n<li><strong>S\u00e3o Paulo &#8211; Brooklin &#8211; Brasil\u00a0<\/strong>&#8211; (55) \u00a011 5096.4555<\/li>\n<li><strong>S\u00e3o Paulo &#8211; Tatuap\u00e9 &#8211; Brasil<\/strong>\u00a0&#8211; (55) 11 2091.3288<\/li>\n<li><strong>Rio de Janeiro &#8211; Brasil<\/strong>\u00a0&#8211; (55) 21 3283.9390<\/li>\n<li><strong>Belo Horizonte &#8211; Brasil &#8211;\u00a0<\/strong>(55) 31 3309.3059<\/li>\n<li><strong>Campinas &#8211; Brasil\u00a0<\/strong>&#8211; (55) 19 3294.3733<\/li>\n<li><strong>Curitiba &#8211; Brasil &#8211;\u00a0<\/strong>(55) 41 3779.9004<\/li>\n<li><strong>Ribeir\u00e3o Preto &#8211; Brasil\u00a0<\/strong>&#8211; (55) \u00a016 3877.2013<\/li>\n<li><strong>Sydney &#8211; Austr\u00e1lia<\/strong>\u00a0&#8211; (61) 2 9267.5811<\/li>\n<li><strong>Perth &#8211; Austr\u00e1lia<\/strong>\u00a0&#8211; (61) 8 9321.2444<\/li>\n<li><strong>Melbourne &#8211; Austr\u00e1lia &#8211;\u00a0<\/strong>(61) 404 244 875<\/li>\n<li><strong>Bogot\u00e1 &#8211; Col\u00f4mbia\u00a0<\/strong>&#8211; (57) 31 9393.9098<\/li>\n<\/ul>\n","protected":false},"excerpt":{"rendered":"<p>Agende uma entrevista pessoal ou online e os consultores da AC Australian Centre lhe ajudar\u00e3o na prepara\u00e7\u00e3o de seu interc\u00e2mbio na Austr\u00e1lia ou Nova Zel\u00e2ndia. S\u00e3o Paulo &#8211; Brooklin &#8211; Brasil\u00a0&#8211; (55) \u00a011 5096.4555 S\u00e3o Paulo &#8211; Tatuap\u00e9 &#8211; Brasil\u00a0&#8211; (55) 11 2091.3288 Rio de Janeiro &#8211; Brasil\u00a0&#8211; (55) 21 3283.9390 Belo Horizonte &#8211; Brasil [&hellip;]<\/p>\n","protected":false},"author":1,"featured_media":0,"parent":0,"menu_order":0,"comment_status":"closed","ping_status":"closed","template":"","meta":{"footnotes":""},"class_list":["post-241","page","type-page","status-publish","hentry"],"yoast_head":"<!-- This site is optimized with the Yoast SEO plugin v26.8 - https:\/\/yoast.com\/product\/yoast-seo-wordpress\/ -->\n<title>Agende uma Entrevista - Australian Centre<\/title>\n<meta name=\"robots\" content=\"index, follow, max-snippet:-1, max-image-preview:large, max-video-preview:-1\" \/>\n<link rel=\"canonical\" href=\"https:\/\/australiancentre.com.br\/en\/agende-uma-entrevista\/\" \/>\n<meta property=\"og:locale\" content=\"en_US\" \/>\n<meta property=\"og:type\" content=\"article\" \/>\n<meta property=\"og:title\" content=\"Agende uma Entrevista - Australian Centre\" \/>\n<meta property=\"og:description\" content=\"Agende uma entrevista pessoal ou online e os consultores da AC Australian Centre lhe ajudar\u00e3o na prepara\u00e7\u00e3o de seu interc\u00e2mbio na Austr\u00e1lia ou Nova Zel\u00e2ndia. S\u00e3o Paulo &#8211; Brooklin &#8211; Brasil\u00a0&#8211; (55) \u00a011 5096.4555 S\u00e3o Paulo &#8211; Tatuap\u00e9 &#8211; Brasil\u00a0&#8211; (55) 11 2091.3288 Rio de Janeiro &#8211; Brasil\u00a0&#8211; (55) 21 3283.9390 Belo Horizonte &#8211; Brasil [&hellip;]\" \/>\n<meta property=\"og:url\" content=\"https:\/\/australiancentre.com.br\/en\/agende-uma-entrevista\/\" \/>\n<meta property=\"og:site_name\" content=\"Australian Centre\" \/>\n<meta property=\"article:publisher\" content=\"https:\/\/www.facebook.com\/australiancentre\/\" \/>\n<meta property=\"article:modified_time\" content=\"2016-12-05T10:55:57+00:00\" \/>\n<meta property=\"og:image\" content=\"https:\/\/australiancentre.com.br\/wp-content\/uploads\/2023\/03\/share-1200x630-1.jpg\" \/>\n\t<meta property=\"og:image:width\" content=\"1200\" \/>\n\t<meta property=\"og:image:height\" content=\"630\" \/>\n\t<meta property=\"og:image:type\" content=\"image\/jpeg\" \/>\n<meta name=\"twitter:card\" content=\"summary_large_image\" \/>\n<script type=\"application\/ld+json\" class=\"yoast-schema-graph\">{\"@context\":\"https:\/\/schema.org\",\"@graph\":[{\"@type\":\"WebPage\",\"@id\":\"https:\/\/australiancentre.com.br\/en\/agende-uma-entrevista\/\",\"url\":\"https:\/\/australiancentre.com.br\/en\/agende-uma-entrevista\/\",\"name\":\"Agende uma Entrevista - Australian Centre\",\"isPartOf\":{\"@id\":\"https:\/\/australiancentre.com.br\/#website\"},\"datePublished\":\"2016-11-19T21:17:45+00:00\",\"dateModified\":\"2016-12-05T10:55:57+00:00\",\"breadcrumb\":{\"@id\":\"https:\/\/australiancentre.com.br\/en\/agende-uma-entrevista\/#breadcrumb\"},\"inLanguage\":\"en-US\",\"potentialAction\":[{\"@type\":\"ReadAction\",\"target\":[\"https:\/\/australiancentre.com.br\/en\/agende-uma-entrevista\/\"]}]},{\"@type\":\"BreadcrumbList\",\"@id\":\"https:\/\/australiancentre.com.br\/en\/agende-uma-entrevista\/#breadcrumb\",\"itemListElement\":[{\"@type\":\"ListItem\",\"position\":1,\"name\":\"Home\",\"item\":\"https:\/\/australiancentre.com.br\/en\/\"},{\"@type\":\"ListItem\",\"position\":2,\"name\":\"Agende uma Entrevista\"}]},{\"@type\":\"WebSite\",\"@id\":\"https:\/\/australiancentre.com.br\/#website\",\"url\":\"https:\/\/australiancentre.com.br\/\",\"name\":\"AC Australian Centre\",\"description\":\"Interc\u00e2mbio para Austr\u00e1lia, Nova Zel\u00e2ndia e Canad\u00e1\",\"publisher\":{\"@id\":\"https:\/\/australiancentre.com.br\/#organization\"},\"potentialAction\":[{\"@type\":\"SearchAction\",\"target\":{\"@type\":\"EntryPoint\",\"urlTemplate\":\"https:\/\/australiancentre.com.br\/?s={search_term_string}\"},\"query-input\":{\"@type\":\"PropertyValueSpecification\",\"valueRequired\":true,\"valueName\":\"search_term_string\"}}],\"inLanguage\":\"en-US\"},{\"@type\":\"Organization\",\"@id\":\"https:\/\/australiancentre.com.br\/#organization\",\"name\":\"AC Australian Centre\",\"url\":\"https:\/\/australiancentre.com.br\/\",\"logo\":{\"@type\":\"ImageObject\",\"inLanguage\":\"en-US\",\"@id\":\"https:\/\/australiancentre.com.br\/#\/schema\/logo\/image\/\",\"url\":\"https:\/\/australiancentre.com.br\/wp-content\/uploads\/2023\/03\/share-1200x630-1.jpg\",\"contentUrl\":\"https:\/\/australiancentre.com.br\/wp-content\/uploads\/2023\/03\/share-1200x630-1.jpg\",\"width\":1200,\"height\":630,\"caption\":\"AC Australian Centre\"},\"image\":{\"@id\":\"https:\/\/australiancentre.com.br\/#\/schema\/logo\/image\/\"},\"sameAs\":[\"https:\/\/www.facebook.com\/australiancentre\/\",\"https:\/\/www.instagram.com\/australiancentreintercambio\/\",\"https:\/\/www.youtube.com\/user\/AustralianCentre\"]}]}<\/script>\n<!-- \/ Yoast SEO plugin. -->","yoast_head_json":{"title":"Agende uma Entrevista - Australian Centre","robots":{"index":"index","follow":"follow","max-snippet":"max-snippet:-1","max-image-preview":"max-image-preview:large","max-video-preview":"max-video-preview:-1"},"canonical":"https:\/\/australiancentre.com.br\/en\/agende-uma-entrevista\/","og_locale":"en_US","og_type":"article","og_title":"Agende uma Entrevista - Australian Centre","og_description":"Agende uma entrevista pessoal ou online e os consultores da AC Australian Centre lhe ajudar\u00e3o na prepara\u00e7\u00e3o de seu interc\u00e2mbio na Austr\u00e1lia ou Nova Zel\u00e2ndia. S\u00e3o Paulo &#8211; Brooklin &#8211; Brasil\u00a0&#8211; (55) \u00a011 5096.4555 S\u00e3o Paulo &#8211; Tatuap\u00e9 &#8211; Brasil\u00a0&#8211; (55) 11 2091.3288 Rio de Janeiro &#8211; Brasil\u00a0&#8211; (55) 21 3283.9390 Belo Horizonte &#8211; Brasil [&hellip;]","og_url":"https:\/\/australiancentre.com.br\/en\/agende-uma-entrevista\/","og_site_name":"Australian Centre","article_publisher":"https:\/\/www.facebook.com\/australiancentre\/","article_modified_time":"2016-12-05T10:55:57+00:00","og_image":[{"width":1200,"height":630,"url":"https:\/\/australiancentre.com.br\/wp-content\/uploads\/2023\/03\/share-1200x630-1.jpg","type":"image\/jpeg"}],"twitter_card":"summary_large_image","schema":{"@context":"https:\/\/schema.org","@graph":[{"@type":"WebPage","@id":"https:\/\/australiancentre.com.br\/en\/agende-uma-entrevista\/","url":"https:\/\/australiancentre.com.br\/en\/agende-uma-entrevista\/","name":"Agende uma Entrevista - Australian Centre","isPartOf":{"@id":"https:\/\/australiancentre.com.br\/#website"},"datePublished":"2016-11-19T21:17:45+00:00","dateModified":"2016-12-05T10:55:57+00:00","breadcrumb":{"@id":"https:\/\/australiancentre.com.br\/en\/agende-uma-entrevista\/#breadcrumb"},"inLanguage":"en-US","potentialAction":[{"@type":"ReadAction","target":["https:\/\/australiancentre.com.br\/en\/agende-uma-entrevista\/"]}]},{"@type":"BreadcrumbList","@id":"https:\/\/australiancentre.com.br\/en\/agende-uma-entrevista\/#breadcrumb","itemListElement":[{"@type":"ListItem","position":1,"name":"Home","item":"https:\/\/australiancentre.com.br\/en\/"},{"@type":"ListItem","position":2,"name":"Agende uma Entrevista"}]},{"@type":"WebSite","@id":"https:\/\/australiancentre.com.br\/#website","url":"https:\/\/australiancentre.com.br\/","name":"AC Australian Centre","description":"Interc\u00e2mbio para Austr\u00e1lia, Nova Zel\u00e2ndia e Canad\u00e1","publisher":{"@id":"https:\/\/australiancentre.com.br\/#organization"},"potentialAction":[{"@type":"SearchAction","target":{"@type":"EntryPoint","urlTemplate":"https:\/\/australiancentre.com.br\/?s={search_term_string}"},"query-input":{"@type":"PropertyValueSpecification","valueRequired":true,"valueName":"search_term_string"}}],"inLanguage":"en-US"},{"@type":"Organization","@id":"https:\/\/australiancentre.com.br\/#organization","name":"AC Australian Centre","url":"https:\/\/australiancentre.com.br\/","logo":{"@type":"ImageObject","inLanguage":"en-US","@id":"https:\/\/australiancentre.com.br\/#\/schema\/logo\/image\/","url":"https:\/\/australiancentre.com.br\/wp-content\/uploads\/2023\/03\/share-1200x630-1.jpg","contentUrl":"https:\/\/australiancentre.com.br\/wp-content\/uploads\/2023\/03\/share-1200x630-1.jpg","width":1200,"height":630,"caption":"AC Australian Centre"},"image":{"@id":"https:\/\/australiancentre.com.br\/#\/schema\/logo\/image\/"},"sameAs":["https:\/\/www.facebook.com\/australiancentre\/","https:\/\/www.instagram.com\/australiancentreintercambio\/","https:\/\/www.youtube.com\/user\/AustralianCentre"]}]}},"publishpress_future_action":{"enabled":false,"date":"2026-04-25 09:22:52","action":"change-status","newStatus":"draft","terms":[],"taxonomy":"translation_priority","extraData":[]},"publishpress_future_workflow_manual_trigger":{"enabledWorkflows":[]},"_links":{"self":[{"href":"https:\/\/australiancentre.com.br\/en\/wp-json\/wp\/v2\/pages\/241","targetHints":{"allow":["GET"]}}],"collection":[{"href":"https:\/\/australiancentre.com.br\/en\/wp-json\/wp\/v2\/pages"}],"about":[{"href":"https:\/\/australiancentre.com.br\/en\/wp-json\/wp\/v2\/types\/page"}],"author":[{"embeddable":true,"href":"https:\/\/australiancentre.com.br\/en\/wp-json\/wp\/v2\/users\/1"}],"replies":[{"embeddable":true,"href":"https:\/\/australiancentre.com.br\/en\/wp-json\/wp\/v2\/comments?post=241"}],"version-history":[{"count":0,"href":"https:\/\/australiancentre.com.br\/en\/wp-json\/wp\/v2\/pages\/241\/revisions"}],"wp:attachment":[{"href":"https:\/\/australiancentre.com.br\/en\/wp-json\/wp\/v2\/media?parent=241"}],"curies":[{"name":"wp","href":"https:\/\/api.w.org\/{rel}","templated":true}]}}