    {"id":3367,"date":"2016-12-08T17:14:45","date_gmt":"2016-12-08T19:14:45","guid":{"rendered":"http:\/\/australiancentre.provisorio.ws\/site\/passagens\/"},"modified":"2018-11-21T12:26:22","modified_gmt":"2018-11-21T14:26:22","slug":"passagens","status":"publish","type":"page","link":"https:\/\/australiancentre.com.br\/es\/passagens\/","title":{"rendered":"Vuelos"},"content":{"rendered":"<div>\n<h3>AC Australian Centre trabaja con las principales aerol\u00edneas que operan vuelos para Ocean\u00eda<\/h3>\n<\/div>\n<div><\/div>\n<div>Con tarifas para los que viajan como estudiantes, AC Australian Centre se preocupa por atender las principales necesidades de nuestros clientes, ofreciendo los mejores precios e innumerables ventajas para convertir tu experiencia en el exterior en una a\u00fan m\u00e1s segura y econ\u00f3mica.<\/div>\n<div><\/div>\n<div>Tenemos opciones de tarifas especiales para estudiantes, v\u00e1lidas hasta por un a\u00f1o y tarifas promocionales para turistas, v\u00e1lidas de uno a 6 meses, de acuerdo con las necesidades de tu viaje.<\/div>\n<div><\/div>\n<div>Los costos de los pasajes var\u00edan de acuerdo con la \u00e9poca de viaje, la anticipaci\u00f3n con la que se compran los pasajes y el d\u00eda en que se compran. Los momentos del a\u00f1o en los cuales hay m\u00e1s demanda de viajes a Australia, son de junio a agosto y de diciembre a febrero.<\/div>\n<div><\/div>\n<div>El pago del pasaje puede ser realizado en efectivo o con tarjetas de cr\u00e9dito. Brindamos todas las comodidades que necesita el estudiante para realizar esta inolvidable experiencia.<\/div>\n<div><\/div>\n<p><strong>Llena el siguiente formulario para obtener m\u00e1s informaci\u00f3n<\/strong><\/p>\n","protected":false},"excerpt":{"rendered":"<p>AC Australian Centre trabaja con las principales aerol\u00edneas que operan vuelos para Ocean\u00eda Con tarifas para los que viajan como estudiantes, AC Australian Centre se preocupa por atender las principales necesidades de nuestros clientes, ofreciendo los mejores precios e innumerables ventajas para convertir tu experiencia en el exterior en una a\u00fan m\u00e1s segura y econ\u00f3mica. [&hellip;]<\/p>\n","protected":false},"author":1,"featured_media":0,"parent":0,"menu_order":0,"comment_status":"closed","ping_status":"closed","template":"templates\/template-construtor.php","meta":{"footnotes":""},"class_list":["post-3367","page","type-page","status-publish","hentry"],"yoast_head":"<!-- This site is optimized with the Yoast SEO plugin v26.8 - https:\/\/yoast.com\/product\/yoast-seo-wordpress\/ -->\n<title>Vuelos - Australian Centre<\/title>\n<meta name=\"robots\" content=\"index, follow, max-snippet:-1, max-image-preview:large, max-video-preview:-1\" \/>\n<link rel=\"canonical\" href=\"https:\/\/australiancentre.com.br\/es\/passagens\/\" \/>\n<meta property=\"og:locale\" content=\"es_ES\" \/>\n<meta property=\"og:type\" content=\"article\" \/>\n<meta property=\"og:title\" content=\"Vuelos - Australian Centre\" \/>\n<meta property=\"og:description\" content=\"AC Australian Centre trabaja con las principales aerol\u00edneas que operan vuelos para Ocean\u00eda Con tarifas para los que viajan como estudiantes, AC Australian Centre se preocupa por atender las principales necesidades de nuestros clientes, ofreciendo los mejores precios e innumerables ventajas para convertir tu experiencia en el exterior en una a\u00fan m\u00e1s segura y econ\u00f3mica. [&hellip;]\" \/>\n<meta property=\"og:url\" content=\"https:\/\/australiancentre.com.br\/es\/passagens\/\" \/>\n<meta property=\"og:site_name\" content=\"Australian Centre\" \/>\n<meta property=\"article:publisher\" content=\"https:\/\/www.facebook.com\/australiancentre\/\" \/>\n<meta property=\"article:modified_time\" content=\"2018-11-21T14:26:22+00:00\" \/>\n<meta property=\"og:image\" content=\"https:\/\/australiancentre.com.br\/wp-content\/uploads\/2023\/03\/share-1200x630-1.jpg\" \/>\n\t<meta property=\"og:image:width\" content=\"1200\" \/>\n\t<meta property=\"og:image:height\" content=\"630\" \/>\n\t<meta property=\"og:image:type\" content=\"image\/jpeg\" \/>\n<meta name=\"twitter:card\" content=\"summary_large_image\" \/>\n<meta name=\"twitter:label1\" content=\"Tiempo de lectura\" \/>\n\t<meta name=\"twitter:data1\" content=\"1 minuto\" \/>\n<script type=\"application\/ld+json\" class=\"yoast-schema-graph\">{\"@context\":\"https:\/\/schema.org\",\"@graph\":[{\"@type\":\"WebPage\",\"@id\":\"https:\/\/australiancentre.com.br\/es\/passagens\/\",\"url\":\"https:\/\/australiancentre.com.br\/es\/passagens\/\",\"name\":\"Vuelos - Australian Centre\",\"isPartOf\":{\"@id\":\"https:\/\/australiancentre.com.br\/#website\"},\"datePublished\":\"2016-12-08T19:14:45+00:00\",\"dateModified\":\"2018-11-21T14:26:22+00:00\",\"breadcrumb\":{\"@id\":\"https:\/\/australiancentre.com.br\/es\/passagens\/#breadcrumb\"},\"inLanguage\":\"es\",\"potentialAction\":[{\"@type\":\"ReadAction\",\"target\":[\"https:\/\/australiancentre.com.br\/es\/passagens\/\"]}]},{\"@type\":\"BreadcrumbList\",\"@id\":\"https:\/\/australiancentre.com.br\/es\/passagens\/#breadcrumb\",\"itemListElement\":[{\"@type\":\"ListItem\",\"position\":1,\"name\":\"Home\",\"item\":\"https:\/\/australiancentre.com.br\/es\/ac-agencia-de-cambio-e-inmigracion\/\"},{\"@type\":\"ListItem\",\"position\":2,\"name\":\"Vuelos\"}]},{\"@type\":\"WebSite\",\"@id\":\"https:\/\/australiancentre.com.br\/#website\",\"url\":\"https:\/\/australiancentre.com.br\/\",\"name\":\"AC Australian Centre\",\"description\":\"Interc\u00e2mbio para Austr\u00e1lia, Nova Zel\u00e2ndia e Canad\u00e1\",\"publisher\":{\"@id\":\"https:\/\/australiancentre.com.br\/#organization\"},\"potentialAction\":[{\"@type\":\"SearchAction\",\"target\":{\"@type\":\"EntryPoint\",\"urlTemplate\":\"https:\/\/australiancentre.com.br\/?s={search_term_string}\"},\"query-input\":{\"@type\":\"PropertyValueSpecification\",\"valueRequired\":true,\"valueName\":\"search_term_string\"}}],\"inLanguage\":\"es\"},{\"@type\":\"Organization\",\"@id\":\"https:\/\/australiancentre.com.br\/#organization\",\"name\":\"AC Australian Centre\",\"url\":\"https:\/\/australiancentre.com.br\/\",\"logo\":{\"@type\":\"ImageObject\",\"inLanguage\":\"es\",\"@id\":\"https:\/\/australiancentre.com.br\/#\/schema\/logo\/image\/\",\"url\":\"https:\/\/australiancentre.com.br\/wp-content\/uploads\/2023\/03\/share-1200x630-1.jpg\",\"contentUrl\":\"https:\/\/australiancentre.com.br\/wp-content\/uploads\/2023\/03\/share-1200x630-1.jpg\",\"width\":1200,\"height\":630,\"caption\":\"AC Australian Centre\"},\"image\":{\"@id\":\"https:\/\/australiancentre.com.br\/#\/schema\/logo\/image\/\"},\"sameAs\":[\"https:\/\/www.facebook.com\/australiancentre\/\",\"https:\/\/www.instagram.com\/australiancentreintercambio\/\",\"https:\/\/www.youtube.com\/user\/AustralianCentre\"]}]}<\/script>\n<!-- \/ Yoast SEO plugin. -->","yoast_head_json":{"title":"Vuelos - Australian Centre","robots":{"index":"index","follow":"follow","max-snippet":"max-snippet:-1","max-image-preview":"max-image-preview:large","max-video-preview":"max-video-preview:-1"},"canonical":"https:\/\/australiancentre.com.br\/es\/passagens\/","og_locale":"es_ES","og_type":"article","og_title":"Vuelos - Australian Centre","og_description":"AC Australian Centre trabaja con las principales aerol\u00edneas que operan vuelos para Ocean\u00eda Con tarifas para los que viajan como estudiantes, AC Australian Centre se preocupa por atender las principales necesidades de nuestros clientes, ofreciendo los mejores precios e innumerables ventajas para convertir tu experiencia en el exterior en una a\u00fan m\u00e1s segura y econ\u00f3mica. [&hellip;]","og_url":"https:\/\/australiancentre.com.br\/es\/passagens\/","og_site_name":"Australian Centre","article_publisher":"https:\/\/www.facebook.com\/australiancentre\/","article_modified_time":"2018-11-21T14:26:22+00:00","og_image":[{"width":1200,"height":630,"url":"https:\/\/australiancentre.com.br\/wp-content\/uploads\/2023\/03\/share-1200x630-1.jpg","type":"image\/jpeg"}],"twitter_card":"summary_large_image","twitter_misc":{"Tiempo de lectura":"1 minuto"},"schema":{"@context":"https:\/\/schema.org","@graph":[{"@type":"WebPage","@id":"https:\/\/australiancentre.com.br\/es\/passagens\/","url":"https:\/\/australiancentre.com.br\/es\/passagens\/","name":"Vuelos - Australian Centre","isPartOf":{"@id":"https:\/\/australiancentre.com.br\/#website"},"datePublished":"2016-12-08T19:14:45+00:00","dateModified":"2018-11-21T14:26:22+00:00","breadcrumb":{"@id":"https:\/\/australiancentre.com.br\/es\/passagens\/#breadcrumb"},"inLanguage":"es","potentialAction":[{"@type":"ReadAction","target":["https:\/\/australiancentre.com.br\/es\/passagens\/"]}]},{"@type":"BreadcrumbList","@id":"https:\/\/australiancentre.com.br\/es\/passagens\/#breadcrumb","itemListElement":[{"@type":"ListItem","position":1,"name":"Home","item":"https:\/\/australiancentre.com.br\/es\/ac-agencia-de-cambio-e-inmigracion\/"},{"@type":"ListItem","position":2,"name":"Vuelos"}]},{"@type":"WebSite","@id":"https:\/\/australiancentre.com.br\/#website","url":"https:\/\/australiancentre.com.br\/","name":"AC Australian Centre","description":"Interc\u00e2mbio para Austr\u00e1lia, Nova Zel\u00e2ndia e Canad\u00e1","publisher":{"@id":"https:\/\/australiancentre.com.br\/#organization"},"potentialAction":[{"@type":"SearchAction","target":{"@type":"EntryPoint","urlTemplate":"https:\/\/australiancentre.com.br\/?s={search_term_string}"},"query-input":{"@type":"PropertyValueSpecification","valueRequired":true,"valueName":"search_term_string"}}],"inLanguage":"es"},{"@type":"Organization","@id":"https:\/\/australiancentre.com.br\/#organization","name":"AC Australian Centre","url":"https:\/\/australiancentre.com.br\/","logo":{"@type":"ImageObject","inLanguage":"es","@id":"https:\/\/australiancentre.com.br\/#\/schema\/logo\/image\/","url":"https:\/\/australiancentre.com.br\/wp-content\/uploads\/2023\/03\/share-1200x630-1.jpg","contentUrl":"https:\/\/australiancentre.com.br\/wp-content\/uploads\/2023\/03\/share-1200x630-1.jpg","width":1200,"height":630,"caption":"AC Australian Centre"},"image":{"@id":"https:\/\/australiancentre.com.br\/#\/schema\/logo\/image\/"},"sameAs":["https:\/\/www.facebook.com\/australiancentre\/","https:\/\/www.instagram.com\/australiancentreintercambio\/","https:\/\/www.youtube.com\/user\/AustralianCentre"]}]}},"publishpress_future_action":{"enabled":false,"date":"2026-04-29 08:55:55","action":"change-status","newStatus":"draft","terms":[],"taxonomy":"translation_priority","extraData":[]},"publishpress_future_workflow_manual_trigger":{"enabledWorkflows":[]},"_links":{"self":[{"href":"https:\/\/australiancentre.com.br\/es\/wp-json\/wp\/v2\/pages\/3367","targetHints":{"allow":["GET"]}}],"collection":[{"href":"https:\/\/australiancentre.com.br\/es\/wp-json\/wp\/v2\/pages"}],"about":[{"href":"https:\/\/australiancentre.com.br\/es\/wp-json\/wp\/v2\/types\/page"}],"author":[{"embeddable":true,"href":"https:\/\/australiancentre.com.br\/es\/wp-json\/wp\/v2\/users\/1"}],"replies":[{"embeddable":true,"href":"https:\/\/australiancentre.com.br\/es\/wp-json\/wp\/v2\/comments?post=3367"}],"version-history":[{"count":0,"href":"https:\/\/australiancentre.com.br\/es\/wp-json\/wp\/v2\/pages\/3367\/revisions"}],"wp:attachment":[{"href":"https:\/\/australiancentre.com.br\/es\/wp-json\/wp\/v2\/media?parent=3367"}],"curies":[{"name":"wp","href":"https:\/\/api.w.org\/{rel}","templated":true}]}}