    {"id":3496,"date":"2016-11-19T19:16:59","date_gmt":"2016-11-19T21:16:59","guid":{"rendered":"http:\/\/australiancentre.provisorio.ws\/site\/?page_id=3496\/"},"modified":"2018-12-14T10:35:13","modified_gmt":"2018-12-14T12:35:13","slug":"solicita-tu-cotizacion","status":"publish","type":"page","link":"https:\/\/australiancentre.com.br\/es\/solicita-tu-cotizacion\/","title":{"rendered":"Solicita Tu Cotizaci\u00f3n"},"content":{"rendered":"<div class=\"ac-form-text with-get\">Usted recibir\u00e1 el contacto de los consultores de la AC para ayudarle en el presupuesto, adem\u00e1s de informaciones sobre cursos, viajes, eventos y promociones.<\/div>\n<div class=\"ac-form with-get\">\n<p><script type=\"text\/javascript\" src=\"https:\/\/ac-bugju.formstack.com\/forms\/js.php\/solicite_orcamento_es\"><\/script><noscript><a href=\"https:\/\/ac-bugju.formstack.com\/forms\/solicite_orcamento_es\" title=\"Online Form\">Solicitar or\u00e7amento<\/a><\/noscript><\/p>\n<h6 class=\"form-policy-privacy-alert\">Sometiendo el formulario, usted acepta autom\u00e1ticamente los t\u00e9rminos de <a href=\"https:\/\/australiancentre.com.br\/politica-de-privacidade\/\">Pol\u00edtica de privacidad<\/a><\/h6>\n<\/div>\n<div class=\"form-sucesso with-get\" style=\"display: none;\">\n<h2 class=\"page-title-call\" style=\"font-size: 36px; color: #51be26; display: block;\">\u00a1Formulario enviado con \u00e9xito!<\/h2>\n<\/div>\n<p>&nbsp;<\/p>\n<p>&nbsp;<\/p>\n","protected":false},"excerpt":{"rendered":"<p>Usted recibir\u00e1 el contacto de los consultores de la AC para ayudarle en el presupuesto, adem\u00e1s de informaciones sobre cursos, viajes, eventos y promociones. Solicitar or\u00e7amento Sometiendo el formulario, usted acepta autom\u00e1ticamente los t\u00e9rminos de Pol\u00edtica de privacidad \u00a1Formulario enviado con \u00e9xito! &nbsp; &nbsp;<\/p>\n","protected":false},"author":1,"featured_media":0,"parent":0,"menu_order":0,"comment_status":"closed","ping_status":"closed","template":"templates\/template-orcamento.php","meta":{"footnotes":""},"class_list":["post-3496","page","type-page","status-publish","hentry"],"yoast_head":"<!-- This site is optimized with the Yoast SEO plugin v26.8 - https:\/\/yoast.com\/product\/yoast-seo-wordpress\/ -->\n<title>Solicita Tu Cotizaci\u00f3n - Australian Centre<\/title>\n<meta name=\"robots\" content=\"index, follow, max-snippet:-1, max-image-preview:large, max-video-preview:-1\" \/>\n<link rel=\"canonical\" href=\"https:\/\/australiancentre.com.br\/es\/solicita-tu-cotizacion\/\" \/>\n<meta property=\"og:locale\" content=\"es_ES\" \/>\n<meta property=\"og:type\" content=\"article\" \/>\n<meta property=\"og:title\" content=\"Solicita Tu Cotizaci\u00f3n - Australian Centre\" \/>\n<meta property=\"og:description\" content=\"Usted recibir\u00e1 el contacto de los consultores de la AC para ayudarle en el presupuesto, adem\u00e1s de informaciones sobre cursos, viajes, eventos y promociones. Solicitar or\u00e7amento Sometiendo el formulario, usted acepta autom\u00e1ticamente los t\u00e9rminos de Pol\u00edtica de privacidad \u00a1Formulario enviado con \u00e9xito! &nbsp; &nbsp;\" \/>\n<meta property=\"og:url\" content=\"https:\/\/australiancentre.com.br\/es\/solicita-tu-cotizacion\/\" \/>\n<meta property=\"og:site_name\" content=\"Australian Centre\" \/>\n<meta property=\"article:publisher\" content=\"https:\/\/www.facebook.com\/australiancentre\/\" \/>\n<meta property=\"article:modified_time\" content=\"2018-12-14T12:35:13+00:00\" \/>\n<meta property=\"og:image\" content=\"https:\/\/australiancentre.com.br\/wp-content\/uploads\/2023\/03\/share-1200x630-1.jpg\" \/>\n\t<meta property=\"og:image:width\" content=\"1200\" \/>\n\t<meta property=\"og:image:height\" content=\"630\" \/>\n\t<meta property=\"og:image:type\" content=\"image\/jpeg\" \/>\n<meta name=\"twitter:card\" content=\"summary_large_image\" \/>\n<script type=\"application\/ld+json\" class=\"yoast-schema-graph\">{\"@context\":\"https:\/\/schema.org\",\"@graph\":[{\"@type\":\"WebPage\",\"@id\":\"https:\/\/australiancentre.com.br\/es\/solicita-tu-cotizacion\/\",\"url\":\"https:\/\/australiancentre.com.br\/es\/solicita-tu-cotizacion\/\",\"name\":\"Solicita Tu Cotizaci\u00f3n - Australian Centre\",\"isPartOf\":{\"@id\":\"https:\/\/australiancentre.com.br\/#website\"},\"datePublished\":\"2016-11-19T21:16:59+00:00\",\"dateModified\":\"2018-12-14T12:35:13+00:00\",\"breadcrumb\":{\"@id\":\"https:\/\/australiancentre.com.br\/es\/solicita-tu-cotizacion\/#breadcrumb\"},\"inLanguage\":\"es\",\"potentialAction\":[{\"@type\":\"ReadAction\",\"target\":[\"https:\/\/australiancentre.com.br\/es\/solicita-tu-cotizacion\/\"]}]},{\"@type\":\"BreadcrumbList\",\"@id\":\"https:\/\/australiancentre.com.br\/es\/solicita-tu-cotizacion\/#breadcrumb\",\"itemListElement\":[{\"@type\":\"ListItem\",\"position\":1,\"name\":\"Home\",\"item\":\"https:\/\/australiancentre.com.br\/es\/ac-agencia-de-cambio-e-inmigracion\/\"},{\"@type\":\"ListItem\",\"position\":2,\"name\":\"Solicita Tu Cotizaci\u00f3n\"}]},{\"@type\":\"WebSite\",\"@id\":\"https:\/\/australiancentre.com.br\/#website\",\"url\":\"https:\/\/australiancentre.com.br\/\",\"name\":\"AC Australian Centre\",\"description\":\"Interc\u00e2mbio para Austr\u00e1lia, Nova Zel\u00e2ndia e Canad\u00e1\",\"publisher\":{\"@id\":\"https:\/\/australiancentre.com.br\/#organization\"},\"potentialAction\":[{\"@type\":\"SearchAction\",\"target\":{\"@type\":\"EntryPoint\",\"urlTemplate\":\"https:\/\/australiancentre.com.br\/?s={search_term_string}\"},\"query-input\":{\"@type\":\"PropertyValueSpecification\",\"valueRequired\":true,\"valueName\":\"search_term_string\"}}],\"inLanguage\":\"es\"},{\"@type\":\"Organization\",\"@id\":\"https:\/\/australiancentre.com.br\/#organization\",\"name\":\"AC Australian Centre\",\"url\":\"https:\/\/australiancentre.com.br\/\",\"logo\":{\"@type\":\"ImageObject\",\"inLanguage\":\"es\",\"@id\":\"https:\/\/australiancentre.com.br\/#\/schema\/logo\/image\/\",\"url\":\"https:\/\/australiancentre.com.br\/wp-content\/uploads\/2023\/03\/share-1200x630-1.jpg\",\"contentUrl\":\"https:\/\/australiancentre.com.br\/wp-content\/uploads\/2023\/03\/share-1200x630-1.jpg\",\"width\":1200,\"height\":630,\"caption\":\"AC Australian Centre\"},\"image\":{\"@id\":\"https:\/\/australiancentre.com.br\/#\/schema\/logo\/image\/\"},\"sameAs\":[\"https:\/\/www.facebook.com\/australiancentre\/\",\"https:\/\/www.instagram.com\/australiancentreintercambio\/\",\"https:\/\/www.youtube.com\/user\/AustralianCentre\"]}]}<\/script>\n<!-- \/ Yoast SEO plugin. -->","yoast_head_json":{"title":"Solicita Tu Cotizaci\u00f3n - Australian Centre","robots":{"index":"index","follow":"follow","max-snippet":"max-snippet:-1","max-image-preview":"max-image-preview:large","max-video-preview":"max-video-preview:-1"},"canonical":"https:\/\/australiancentre.com.br\/es\/solicita-tu-cotizacion\/","og_locale":"es_ES","og_type":"article","og_title":"Solicita Tu Cotizaci\u00f3n - Australian Centre","og_description":"Usted recibir\u00e1 el contacto de los consultores de la AC para ayudarle en el presupuesto, adem\u00e1s de informaciones sobre cursos, viajes, eventos y promociones. Solicitar or\u00e7amento Sometiendo el formulario, usted acepta autom\u00e1ticamente los t\u00e9rminos de Pol\u00edtica de privacidad \u00a1Formulario enviado con \u00e9xito! &nbsp; &nbsp;","og_url":"https:\/\/australiancentre.com.br\/es\/solicita-tu-cotizacion\/","og_site_name":"Australian Centre","article_publisher":"https:\/\/www.facebook.com\/australiancentre\/","article_modified_time":"2018-12-14T12:35:13+00:00","og_image":[{"width":1200,"height":630,"url":"https:\/\/australiancentre.com.br\/wp-content\/uploads\/2023\/03\/share-1200x630-1.jpg","type":"image\/jpeg"}],"twitter_card":"summary_large_image","schema":{"@context":"https:\/\/schema.org","@graph":[{"@type":"WebPage","@id":"https:\/\/australiancentre.com.br\/es\/solicita-tu-cotizacion\/","url":"https:\/\/australiancentre.com.br\/es\/solicita-tu-cotizacion\/","name":"Solicita Tu Cotizaci\u00f3n - Australian Centre","isPartOf":{"@id":"https:\/\/australiancentre.com.br\/#website"},"datePublished":"2016-11-19T21:16:59+00:00","dateModified":"2018-12-14T12:35:13+00:00","breadcrumb":{"@id":"https:\/\/australiancentre.com.br\/es\/solicita-tu-cotizacion\/#breadcrumb"},"inLanguage":"es","potentialAction":[{"@type":"ReadAction","target":["https:\/\/australiancentre.com.br\/es\/solicita-tu-cotizacion\/"]}]},{"@type":"BreadcrumbList","@id":"https:\/\/australiancentre.com.br\/es\/solicita-tu-cotizacion\/#breadcrumb","itemListElement":[{"@type":"ListItem","position":1,"name":"Home","item":"https:\/\/australiancentre.com.br\/es\/ac-agencia-de-cambio-e-inmigracion\/"},{"@type":"ListItem","position":2,"name":"Solicita Tu Cotizaci\u00f3n"}]},{"@type":"WebSite","@id":"https:\/\/australiancentre.com.br\/#website","url":"https:\/\/australiancentre.com.br\/","name":"AC Australian Centre","description":"Interc\u00e2mbio para Austr\u00e1lia, Nova Zel\u00e2ndia e Canad\u00e1","publisher":{"@id":"https:\/\/australiancentre.com.br\/#organization"},"potentialAction":[{"@type":"SearchAction","target":{"@type":"EntryPoint","urlTemplate":"https:\/\/australiancentre.com.br\/?s={search_term_string}"},"query-input":{"@type":"PropertyValueSpecification","valueRequired":true,"valueName":"search_term_string"}}],"inLanguage":"es"},{"@type":"Organization","@id":"https:\/\/australiancentre.com.br\/#organization","name":"AC Australian Centre","url":"https:\/\/australiancentre.com.br\/","logo":{"@type":"ImageObject","inLanguage":"es","@id":"https:\/\/australiancentre.com.br\/#\/schema\/logo\/image\/","url":"https:\/\/australiancentre.com.br\/wp-content\/uploads\/2023\/03\/share-1200x630-1.jpg","contentUrl":"https:\/\/australiancentre.com.br\/wp-content\/uploads\/2023\/03\/share-1200x630-1.jpg","width":1200,"height":630,"caption":"AC Australian Centre"},"image":{"@id":"https:\/\/australiancentre.com.br\/#\/schema\/logo\/image\/"},"sameAs":["https:\/\/www.facebook.com\/australiancentre\/","https:\/\/www.instagram.com\/australiancentreintercambio\/","https:\/\/www.youtube.com\/user\/AustralianCentre"]}]}},"publishpress_future_action":{"enabled":false,"date":"2026-05-19 01:29:55","action":"change-status","newStatus":"draft","terms":[],"taxonomy":"translation_priority","extraData":[]},"publishpress_future_workflow_manual_trigger":{"enabledWorkflows":[]},"_links":{"self":[{"href":"https:\/\/australiancentre.com.br\/es\/wp-json\/wp\/v2\/pages\/3496","targetHints":{"allow":["GET"]}}],"collection":[{"href":"https:\/\/australiancentre.com.br\/es\/wp-json\/wp\/v2\/pages"}],"about":[{"href":"https:\/\/australiancentre.com.br\/es\/wp-json\/wp\/v2\/types\/page"}],"author":[{"embeddable":true,"href":"https:\/\/australiancentre.com.br\/es\/wp-json\/wp\/v2\/users\/1"}],"replies":[{"embeddable":true,"href":"https:\/\/australiancentre.com.br\/es\/wp-json\/wp\/v2\/comments?post=3496"}],"version-history":[{"count":0,"href":"https:\/\/australiancentre.com.br\/es\/wp-json\/wp\/v2\/pages\/3496\/revisions"}],"wp:attachment":[{"href":"https:\/\/australiancentre.com.br\/es\/wp-json\/wp\/v2\/media?parent=3496"}],"curies":[{"name":"wp","href":"https:\/\/api.w.org\/{rel}","templated":true}]}}