    {"id":3769,"date":"2017-05-12T15:25:27","date_gmt":"2017-05-12T18:25:27","guid":{"rendered":"http:\/\/australiancentre.provisorio.ws\/site\/?page_id=3769\/"},"modified":"2017-05-12T15:27:23","modified_gmt":"2017-05-12T18:27:23","slug":"economia","status":"publish","type":"page","link":"https:\/\/australiancentre.com.br\/es\/australia\/economia\/","title":{"rendered":"Econom\u00eda da Australia"},"content":{"rendered":"<div id=\"mainIn\">\n<div class=\"container internas\">\n<div class=\"col-lg-7 col-md-7 col-sm-12 col-xs-12 dir\">\n<p>Australia tiene una de las econom\u00edas m\u00e1s fuertes del mundo, siendo esta abierta y competitiva. El constante crecimiento econ\u00f3mico es fruto de una gesti\u00f3n efectiva de sus pol\u00edticas p\u00fablicas.<\/p>\n<p>El producto interno bruto (PIB) de Australia creci\u00f3 en promedio 4% cada a\u00f1o desde 1996, llegando casi a un trill\u00f3n de d\u00f3lares australianos en 2010, con un super\u00e1vit fiscal de 1% del PIB.<\/p>\n<p>Esto quiere decir que el PIB per c\u00e1pita es de aproximadamente de AUD $43.000 al a\u00f1o.<\/p>\n<h3>Economia da Austr\u00e1lia:<\/h3>\n<p>El crecimiento econ\u00f3mico vino acompa\u00f1ado de una tasa de inflaci\u00f3n baja y estable durante la \u00faltima d\u00e9cada. En el a\u00f1o 2007, la inflaci\u00f3n era de menos del 3%.<\/p>\n<p>Un factor fundamental para mantener bajo el \u00edndice de inflaci\u00f3n, fue el crecimiento en la productividad de sus mercados, a una tasa de 2.3% anual durante los \u00faltimos 10 a\u00f1os. A pesar de que la mayor industria en Australia es la miner\u00eda, las peque\u00f1as empresas son un sector vital dentro de la econom\u00eda australiana, generando el 30% de la producci\u00f3n econ\u00f3mica del pa\u00eds y siendo responsables por aproximadamente 58% del crecimiento del mercado laboral en los \u00faltimos 5 a\u00f1os.<\/p>\n<p>Actualmente hay m\u00e1s de 1.2 millones de peque\u00f1as empresas en Australia, que emplean a un total de 3.3 millones de personas. En materia de comercio internacional, la econom\u00eda est\u00e1 direccionada a la elaboraci\u00f3n de productos y servicios de alto valor comercial. En los \u00faltimos a\u00f1os, hubo un gran avance en las \u00e1reas de las telecomunicaciones, y servicio. M\u00e1s de 470 compa\u00f1\u00edas transfirieron sus oficinas centrales del territorio asi\u00e1tico para Australia.<\/p>\n<p>El turismo tambi\u00e9n es una de las principales industrias y generador de empleos en el pa\u00eds. Durante el a\u00f1o 2009, Australia recibi\u00f3 aproximadamente a 6 millones de turistas extranjeros y ese n\u00famero aumenta a\u00f1o a a\u00f1o.<\/p>\n<h3>Mercado laboral en Australia:<\/h3>\n<p>En Australia existe una necesidad muy grande de incorporar inmigrantes o estudiantes con permiso de trabajo, como consecuencia del crecimiento industrial y el desarrollo econ\u00f3mico sostenible de esta regi\u00f3n. El gobierno australiano directamente organiza diferentes eventos, donde no solamente promueve el contacto directo entre trabajadores y empleadores, sino que adem\u00e1s otorga una oportunidad concreta de ingreso para los extranjeros al mercado laboral.<\/p>\n<p>El gobierno australiano tiene su propio portal web de recursos humanos especializado en la b\u00fasqueda de empleo o Australian Job Search (www.jobsearch.gov.au), donde diariamente son publicadas un sin n\u00famero de ofertas de trabajo. El portal es bien organizado y propone diferentes caminos para encontrar las ofertas que se acomoden a su inter\u00e9s, sea por zona geogr\u00e1fica, por \u00e1rea, por industria o por el tipo de trabajo que se busque.<\/p>\n<p>Si bien encontrar trabajo en cualquier parte del mundo resulta ser una tarea dif\u00edcil, en Australia las herramientas de b\u00fasqueda establecidas y la econom\u00eda favorable hacen que esta tarea sea mucho mas simple.<\/p>\n<\/div>\n<\/div>\n<\/div>\n","protected":false},"excerpt":{"rendered":"<p>Australia tiene una de las econom\u00edas m\u00e1s fuertes del mundo, siendo esta abierta y competitiva. El constante crecimiento econ\u00f3mico es fruto de una gesti\u00f3n efectiva de sus pol\u00edticas p\u00fablicas. El producto interno bruto (PIB) de Australia creci\u00f3 en promedio 4% cada a\u00f1o desde 1996, llegando casi a un trill\u00f3n de d\u00f3lares australianos en 2010, con [&hellip;]<\/p>\n","protected":false},"author":1,"featured_media":0,"parent":3291,"menu_order":0,"comment_status":"closed","ping_status":"closed","template":"","meta":{"footnotes":""},"class_list":["post-3769","page","type-page","status-publish","hentry"],"yoast_head":"<!-- This site is optimized with the Yoast SEO plugin v26.8 - https:\/\/yoast.com\/product\/yoast-seo-wordpress\/ -->\n<title>Economia da Austr\u00e1lia | Australian Centre<\/title>\n<meta name=\"description\" content=\"A economia da Austr\u00e1lia \u00e9 uma das mais fortes e est\u00e1veis do mundo, sendo aberta e competitiva \u2713 Quer saber mais? Acesse e confira!\" \/>\n<meta name=\"robots\" content=\"index, follow, max-snippet:-1, max-image-preview:large, max-video-preview:-1\" \/>\n<link rel=\"canonical\" href=\"https:\/\/australiancentre.com.br\/es\/australia\/economia\/\" \/>\n<meta property=\"og:locale\" content=\"es_ES\" \/>\n<meta property=\"og:type\" content=\"article\" \/>\n<meta property=\"og:title\" content=\"Economia da Austr\u00e1lia | Australian Centre\" \/>\n<meta property=\"og:description\" content=\"A economia da Austr\u00e1lia \u00e9 uma das mais fortes e est\u00e1veis do mundo, sendo aberta e competitiva \u2713 Quer saber mais? Acesse e confira!\" \/>\n<meta property=\"og:url\" content=\"https:\/\/australiancentre.com.br\/es\/australia\/economia\/\" \/>\n<meta property=\"og:site_name\" content=\"Australian Centre\" \/>\n<meta property=\"article:publisher\" content=\"https:\/\/www.facebook.com\/australiancentre\/\" \/>\n<meta property=\"article:modified_time\" content=\"2017-05-12T18:27:23+00:00\" \/>\n<meta property=\"og:image\" content=\"https:\/\/australiancentre.com.br\/wp-content\/uploads\/2023\/03\/share-1200x630-1.jpg\" \/>\n\t<meta property=\"og:image:width\" content=\"1200\" \/>\n\t<meta property=\"og:image:height\" content=\"630\" \/>\n\t<meta property=\"og:image:type\" content=\"image\/jpeg\" \/>\n<meta name=\"twitter:card\" content=\"summary_large_image\" \/>\n<meta name=\"twitter:label1\" content=\"Tiempo de lectura\" \/>\n\t<meta name=\"twitter:data1\" content=\"3 minutos\" \/>\n<script type=\"application\/ld+json\" class=\"yoast-schema-graph\">{\"@context\":\"https:\/\/schema.org\",\"@graph\":[{\"@type\":\"WebPage\",\"@id\":\"https:\/\/australiancentre.com.br\/es\/australia\/economia\/\",\"url\":\"https:\/\/australiancentre.com.br\/es\/australia\/economia\/\",\"name\":\"Economia da Austr\u00e1lia | Australian Centre\",\"isPartOf\":{\"@id\":\"https:\/\/australiancentre.com.br\/#website\"},\"datePublished\":\"2017-05-12T18:25:27+00:00\",\"dateModified\":\"2017-05-12T18:27:23+00:00\",\"description\":\"A economia da Austr\u00e1lia \u00e9 uma das mais fortes e est\u00e1veis do mundo, sendo aberta e competitiva \u2713 Quer saber mais? Acesse e confira!\",\"breadcrumb\":{\"@id\":\"https:\/\/australiancentre.com.br\/es\/australia\/economia\/#breadcrumb\"},\"inLanguage\":\"es\",\"potentialAction\":[{\"@type\":\"ReadAction\",\"target\":[\"https:\/\/australiancentre.com.br\/es\/australia\/economia\/\"]}]},{\"@type\":\"BreadcrumbList\",\"@id\":\"https:\/\/australiancentre.com.br\/es\/australia\/economia\/#breadcrumb\",\"itemListElement\":[{\"@type\":\"ListItem\",\"position\":1,\"name\":\"Home\",\"item\":\"https:\/\/australiancentre.com.br\/es\/ac-agencia-de-cambio-e-inmigracion\/\"},{\"@type\":\"ListItem\",\"position\":2,\"name\":\"Australia\",\"item\":\"https:\/\/australiancentre.com.br\/es\/australia\/\"},{\"@type\":\"ListItem\",\"position\":3,\"name\":\"Econom\u00eda da Australia\"}]},{\"@type\":\"WebSite\",\"@id\":\"https:\/\/australiancentre.com.br\/#website\",\"url\":\"https:\/\/australiancentre.com.br\/\",\"name\":\"AC Australian Centre\",\"description\":\"Interc\u00e2mbio para Austr\u00e1lia, Nova Zel\u00e2ndia e Canad\u00e1\",\"publisher\":{\"@id\":\"https:\/\/australiancentre.com.br\/#organization\"},\"potentialAction\":[{\"@type\":\"SearchAction\",\"target\":{\"@type\":\"EntryPoint\",\"urlTemplate\":\"https:\/\/australiancentre.com.br\/?s={search_term_string}\"},\"query-input\":{\"@type\":\"PropertyValueSpecification\",\"valueRequired\":true,\"valueName\":\"search_term_string\"}}],\"inLanguage\":\"es\"},{\"@type\":\"Organization\",\"@id\":\"https:\/\/australiancentre.com.br\/#organization\",\"name\":\"AC Australian Centre\",\"url\":\"https:\/\/australiancentre.com.br\/\",\"logo\":{\"@type\":\"ImageObject\",\"inLanguage\":\"es\",\"@id\":\"https:\/\/australiancentre.com.br\/#\/schema\/logo\/image\/\",\"url\":\"https:\/\/australiancentre.com.br\/wp-content\/uploads\/2023\/03\/share-1200x630-1.jpg\",\"contentUrl\":\"https:\/\/australiancentre.com.br\/wp-content\/uploads\/2023\/03\/share-1200x630-1.jpg\",\"width\":1200,\"height\":630,\"caption\":\"AC Australian Centre\"},\"image\":{\"@id\":\"https:\/\/australiancentre.com.br\/#\/schema\/logo\/image\/\"},\"sameAs\":[\"https:\/\/www.facebook.com\/australiancentre\/\",\"https:\/\/www.instagram.com\/australiancentreintercambio\/\",\"https:\/\/www.youtube.com\/user\/AustralianCentre\"]}]}<\/script>\n<!-- \/ Yoast SEO plugin. -->","yoast_head_json":{"title":"Economia da Austr\u00e1lia | Australian Centre","description":"A economia da Austr\u00e1lia \u00e9 uma das mais fortes e est\u00e1veis do mundo, sendo aberta e competitiva \u2713 Quer saber mais? Acesse e confira!","robots":{"index":"index","follow":"follow","max-snippet":"max-snippet:-1","max-image-preview":"max-image-preview:large","max-video-preview":"max-video-preview:-1"},"canonical":"https:\/\/australiancentre.com.br\/es\/australia\/economia\/","og_locale":"es_ES","og_type":"article","og_title":"Economia da Austr\u00e1lia | Australian Centre","og_description":"A economia da Austr\u00e1lia \u00e9 uma das mais fortes e est\u00e1veis do mundo, sendo aberta e competitiva \u2713 Quer saber mais? Acesse e confira!","og_url":"https:\/\/australiancentre.com.br\/es\/australia\/economia\/","og_site_name":"Australian Centre","article_publisher":"https:\/\/www.facebook.com\/australiancentre\/","article_modified_time":"2017-05-12T18:27:23+00:00","og_image":[{"width":1200,"height":630,"url":"https:\/\/australiancentre.com.br\/wp-content\/uploads\/2023\/03\/share-1200x630-1.jpg","type":"image\/jpeg"}],"twitter_card":"summary_large_image","twitter_misc":{"Tiempo de lectura":"3 minutos"},"schema":{"@context":"https:\/\/schema.org","@graph":[{"@type":"WebPage","@id":"https:\/\/australiancentre.com.br\/es\/australia\/economia\/","url":"https:\/\/australiancentre.com.br\/es\/australia\/economia\/","name":"Economia da Austr\u00e1lia | Australian Centre","isPartOf":{"@id":"https:\/\/australiancentre.com.br\/#website"},"datePublished":"2017-05-12T18:25:27+00:00","dateModified":"2017-05-12T18:27:23+00:00","description":"A economia da Austr\u00e1lia \u00e9 uma das mais fortes e est\u00e1veis do mundo, sendo aberta e competitiva \u2713 Quer saber mais? Acesse e confira!","breadcrumb":{"@id":"https:\/\/australiancentre.com.br\/es\/australia\/economia\/#breadcrumb"},"inLanguage":"es","potentialAction":[{"@type":"ReadAction","target":["https:\/\/australiancentre.com.br\/es\/australia\/economia\/"]}]},{"@type":"BreadcrumbList","@id":"https:\/\/australiancentre.com.br\/es\/australia\/economia\/#breadcrumb","itemListElement":[{"@type":"ListItem","position":1,"name":"Home","item":"https:\/\/australiancentre.com.br\/es\/ac-agencia-de-cambio-e-inmigracion\/"},{"@type":"ListItem","position":2,"name":"Australia","item":"https:\/\/australiancentre.com.br\/es\/australia\/"},{"@type":"ListItem","position":3,"name":"Econom\u00eda da Australia"}]},{"@type":"WebSite","@id":"https:\/\/australiancentre.com.br\/#website","url":"https:\/\/australiancentre.com.br\/","name":"AC Australian Centre","description":"Interc\u00e2mbio para Austr\u00e1lia, Nova Zel\u00e2ndia e Canad\u00e1","publisher":{"@id":"https:\/\/australiancentre.com.br\/#organization"},"potentialAction":[{"@type":"SearchAction","target":{"@type":"EntryPoint","urlTemplate":"https:\/\/australiancentre.com.br\/?s={search_term_string}"},"query-input":{"@type":"PropertyValueSpecification","valueRequired":true,"valueName":"search_term_string"}}],"inLanguage":"es"},{"@type":"Organization","@id":"https:\/\/australiancentre.com.br\/#organization","name":"AC Australian Centre","url":"https:\/\/australiancentre.com.br\/","logo":{"@type":"ImageObject","inLanguage":"es","@id":"https:\/\/australiancentre.com.br\/#\/schema\/logo\/image\/","url":"https:\/\/australiancentre.com.br\/wp-content\/uploads\/2023\/03\/share-1200x630-1.jpg","contentUrl":"https:\/\/australiancentre.com.br\/wp-content\/uploads\/2023\/03\/share-1200x630-1.jpg","width":1200,"height":630,"caption":"AC Australian Centre"},"image":{"@id":"https:\/\/australiancentre.com.br\/#\/schema\/logo\/image\/"},"sameAs":["https:\/\/www.facebook.com\/australiancentre\/","https:\/\/www.instagram.com\/australiancentreintercambio\/","https:\/\/www.youtube.com\/user\/AustralianCentre"]}]}},"publishpress_future_action":{"enabled":false,"date":"2026-04-25 09:22:47","action":"change-status","newStatus":"draft","terms":[],"taxonomy":"translation_priority","extraData":[]},"publishpress_future_workflow_manual_trigger":{"enabledWorkflows":[]},"_links":{"self":[{"href":"https:\/\/australiancentre.com.br\/es\/wp-json\/wp\/v2\/pages\/3769","targetHints":{"allow":["GET"]}}],"collection":[{"href":"https:\/\/australiancentre.com.br\/es\/wp-json\/wp\/v2\/pages"}],"about":[{"href":"https:\/\/australiancentre.com.br\/es\/wp-json\/wp\/v2\/types\/page"}],"author":[{"embeddable":true,"href":"https:\/\/australiancentre.com.br\/es\/wp-json\/wp\/v2\/users\/1"}],"replies":[{"embeddable":true,"href":"https:\/\/australiancentre.com.br\/es\/wp-json\/wp\/v2\/comments?post=3769"}],"version-history":[{"count":0,"href":"https:\/\/australiancentre.com.br\/es\/wp-json\/wp\/v2\/pages\/3769\/revisions"}],"up":[{"embeddable":true,"href":"https:\/\/australiancentre.com.br\/es\/wp-json\/wp\/v2\/pages\/3291"}],"wp:attachment":[{"href":"https:\/\/australiancentre.com.br\/es\/wp-json\/wp\/v2\/media?parent=3769"}],"curies":[{"name":"wp","href":"https:\/\/api.w.org\/{rel}","templated":true}]}}